{"id":58,"date":"2024-09-10T22:41:17","date_gmt":"2024-09-10T20:41:17","guid":{"rendered":"https:\/\/www.cardenaldonmarcelo.es\/?page_id=58"},"modified":"2024-10-25T19:45:36","modified_gmt":"2024-10-25T17:45:36","slug":"addenda","status":"publish","type":"page","link":"https:\/\/www.cardenaldonmarcelo.es\/index.php\/addenda\/","title":{"rendered":"Addenda"},"content":{"rendered":"\n<h2 class=\"wp-block-heading\">RELACIONES CON LA POL\u00cdTICA ESPA\u00d1OLA<\/h2>\n\n\n\n<p>En su papel de obispo, y siguiendo las indicaciones del Vaticano II, Gonz\u00e1lez Mart\u00edn se caracteriz\u00f3 por una gran independencia pol\u00edtica, aunque no siempre apreciada, finalmente reconocida.<\/p>\n\n\n\n<p>Tras ser nombrado Arzobispo de Toledo, y seg\u00fan disposici\u00f3n legal, tomo posesi\u00f3n de su cargo de Consejero de Estado en Madrid, el 23 de marzo de 1972. Desde su puesto de Consejero de Estado se pronunci\u00f3 en contra de la ley de Divorcio y en 1978 redact\u00f3 una pastoral sobre la Constituci\u00f3n en la que aseguraba que esta conten\u00eda cinco graves defectos:<\/p>\n\n\n\n<ul class=\"wp-block-list\">\n<li>La exclusi\u00f3n del nombre de Dios en una naci\u00f3n de bautizados.<\/li>\n\n\n\n<li>Falta de referencia a la ley natural, con lo que las leyes quedan a merced de los poderes p\u00fablicos.<\/li>\n\n\n\n<li>Falta de garant\u00edas para la libertad de ense\u00f1anza y de seguridad a los padres para la formaci\u00f3n religiosa de sus hijos.<\/li>\n\n\n\n<li>Falta la tutela para los valores de la familia y del matrimonio, abriendo las puertas del divorcio.<\/li>\n\n\n\n<li>Y la omisi\u00f3n del veto expl\u00edcito al aborto.<\/li>\n<\/ul>\n\n\n\n<p>Sin embargo, aplaudi\u00f3 la definitiva retirada de los eclesi\u00e1sticos de tareas pol\u00edticas, aunque, por petici\u00f3n expresa de Felipe Gonz\u00e1lez, no abandonara sus obligaciones en el Consejo.<\/p>\n\n\n\n<p>La relaci\u00f3n con los ejecutivos socialistas le llev\u00f3 a diferentes enfrentamientos especialmente por la ley de despenalizaci\u00f3n del aborto y por la reforma educativa de Maravall y, anecd\u00f3ticamente, por la desafortunada actuaci\u00f3n del ministro de Justicia durante la Procesi\u00f3n del Corpus Christi de 1983. El Cardenal no tuvo ninguna dificultad en desarrollar una gran cr\u00edtica a las pol\u00edticas laicistas del gobierno, especialmente en materias de relaci\u00f3n Iglesia-Estado, matrimonio y divorcio, aborto, educaci\u00f3n, financiaci\u00f3n de la Iglesia, etc.<\/p>\n\n\n\n<h2 class=\"wp-block-heading\">DISTINCIONES Y MUERTE<\/h2>\n\n\n\n<ul class=\"wp-block-list\">\n<li>En 1972 fue elegido miembro de n\u00famero de la Real Academia de Ciencias Morales y Pol\u00edticas.<\/li>\n\n\n\n<li>Fue investido Doctor Honoris Causa por la Universidad de Castilla-La Mancha en 1995.<\/li>\n\n\n\n<li>Desde 1998, fue acad\u00e9mico de honor de la Real Academia de Doctores.<\/li>\n\n\n\n<li>Fue Premio Castilla y Le\u00f3n de las Ciencias Sociales y Humanidades, en 2000.<\/li>\n\n\n\n<li>Se le concedi\u00f3 la Medalla de Oro de Castilla-La Mancha en 2003.<\/li>\n\n\n\n<li>Estaba en posesi\u00f3n tambi\u00e9n de la Gran Cruz Eclesi\u00e1stica de la Orden Militar y Hospitalaria de San L\u00e1zaro de Jerusal\u00e9n de la que era su Protector Espiritual en Espa\u00f1a.<\/li>\n<\/ul>\n\n\n\n<p>Muri\u00f3 el 25 de agosto de 2004 en su residencia de Fuentes de Nava (Palencia) y est\u00e1 enterrado en la Catedral de Toledo.<\/p>\n\n\n\n<h2 class=\"wp-block-heading\">Obispos que han tenido relaci\u00f3n con Don Marcelo o han estudiado en el Seminario de Toledo<\/h2>\n\n\n\n<h3 class=\"wp-block-heading\"><strong>Profesores<\/strong> que fueron del Seminario (total 6):<\/h3>\n\n\n\n<ol class=\"wp-block-list\">\n<li><strong>Monse\u00f1or Santiago Mart\u00ednez Acebes<\/strong>, Arzobispo de Burgos (+). Siendo Rector del Seminario de Toledo pas\u00f3 a Obispo de Plasencia en 1988.<\/li>\n\n\n\n<li><strong>Monse\u00f1or Rafael Palmero Ramos<\/strong>, Obispo de Orihuela-Alicante (+). Era su Vicario General cuando fue nombrado Obispo auxiliar de Toledo en 1988.<\/li>\n\n\n\n<li><strong>Monse\u00f1or Juan Garc\u00eda Santa Cruz<\/strong>, Obispo de Guadix-Baza (+) era su Pro-Vicario cuando fue nombrado Obispo<\/li>\n\n\n\n<li><strong>Monse\u00f1or Demetrio Fern\u00e1ndez Gonz\u00e1lez<\/strong>, Obispo de C\u00f3rdoba. Le orden\u00f3 Don Marcelo y fue su \u00faltimo Provicario General.<\/li>\n\n\n\n<li><strong>Monse\u00f1or \u00c1ngel Rubio Castro<\/strong>, Obispo em\u00e9rito de Segovia, pr\u00e1cticamente durante todo el pontificado de Don Marcelo &nbsp;fue Vicario Episcopal de Ense\u00f1anza y Catequesis (de 1977 a 1997).<\/li>\n\n\n\n<li><strong>Monse\u00f1or Javier Mart\u00ednez Fern\u00e1ndez<\/strong>, Arzobispo de Granada.<\/li>\n<\/ol>\n\n\n\n<h3 class=\"wp-block-heading\">Alumnos del Seminario Mayor de San Ildefonso:<\/h3>\n\n\n<div class=\"wp-block-image\">\n<figure class=\"aligncenter size-large is-resized\"><img decoding=\"async\" src=\"https:\/\/www.religionenlibertad.com\/images\/carpeta_gestor\/archivos\/2022\/01\/16\/image.png\" alt=\"\" style=\"width:890px;height:auto\"\/><figcaption class=\"wp-element-caption\">Don Marcelo con D. C\u00e9sar G\u00aa Mag\u00e1n (a su izda), con D. Luis Miguel Mu\u00f1oz C\u00e1rdaba (primer plano, izda) y con D. Jo\u015be Rico (primer plano, dcha.)<\/figcaption><\/figure>\n<\/div>\n\n\n<ol class=\"wp-block-list\">\n<li>Monse\u00f1or Jos\u00e9 \u00c1ngel Saiz Meneses, Arzobispo de Sevilla<\/li>\n\n\n\n<li>Monse\u00f1or Jes\u00fas Sanz Montes, OFM, Arzobispo de Oviedo<\/li>\n\n\n\n<li>Monse\u00f1or Eduardo Carmona Ortega, (del Seminario de Ol\u00edas del Rey), Obispo de Parral, en M\u00e9jico, de la Confraternidad de Operarios del Reino de Cristo<\/li>\n\n\n\n<li>Monse\u00f1or Jos\u00e9 Ignacio Munilla Aguirre, Obispo de Orihuela-Alicante<\/li>\n\n\n\n<li>Monse\u00f1or Francisco Cerro Chaves, Arzbispo de Toledo<\/li>\n\n\n\n<li>Monse\u00f1or Domingo Oropesa Lorente, Arzobispo de Cienfuegos, en Cuba<\/li>\n\n\n\n<li>Monse\u00f1or Salvador Cristau Coll, Obispo de Tarrasa<\/li>\n\n\n\n<li>Monse\u00f1or Juan Nzue Edjan May\u00e9, Arzobispo de Malabo<\/li>\n\n\n\n<li>Monse\u00f1or Tulio Luis Ram\u00edrez Padilla, Obispo de Guarenas, en Venezuela<\/li>\n\n\n\n<li>Monse\u00f1or Jos\u00e9 Rico Pav\u00e9s, Obispo de Jerez<\/li>\n\n\n\n<li>Monse\u00f1or \u00c1ngel Fern\u00e1ndez Collado, Obispo de Albacete<\/li>\n\n\n\n<li>Monse\u00f1or Luis Miguel Mu\u00f1oz C\u00e1rdaba, Arzobispo y Nuncio en Sud\u00e1n y Eritrea<\/li>\n\n\n\n<li><strong>Monse\u00f1or Justo Rodr\u00edguez Gallego<\/strong>, Obispo auxiliar de Z\u00e1rate-Campana (Argentina).<\/li>\n\n\n\n<li><strong>Monse\u00f1or Jes\u00fas Pulido Arriero<\/strong>, Obispo de Coria-C\u00e1ceres<\/li>\n\n\n\n<li><strong>Monse\u00f1or Francisco C\u00e9sar Garc\u00eda Mag\u00e1n<\/strong>, Obispo auxiliar de Toledo.<\/li>\n<\/ol>\n","protected":false},"excerpt":{"rendered":"<p>RELACIONES CON LA POL\u00cdTICA ESPA\u00d1OLA En su papel de obispo, y siguiendo las indicaciones del Vaticano II, Gonz\u00e1lez Mart\u00edn se caracteriz\u00f3 por una gran independencia pol\u00edtica, aunque no siempre apreciada, finalmente reconocida. Tras ser nombrado Arzobispo de Toledo, y seg\u00fan disposici\u00f3n legal, tomo posesi\u00f3n de su cargo de Consejero de Estado en Madrid, el 23 [&hellip;]<\/p>\n","protected":false},"author":1,"featured_media":0,"parent":0,"menu_order":0,"comment_status":"closed","ping_status":"closed","template":"single-product","meta":{"saved_in_kubio":false,"_eb_attr":"","ngg_post_thumbnail":0,"footnotes":""},"class_list":["post-58","page","type-page","status-publish","hentry"],"kubio_ai_page_context":{"short_desc":"","purpose":"general"},"rttpg_featured_image_url":null,"rttpg_author":{"display_name":"P. Webmaster","author_link":"https:\/\/www.cardenaldonmarcelo.es\/index.php\/author\/currante\/"},"rttpg_comment":0,"rttpg_category":null,"rttpg_excerpt":"RELACIONES CON LA POL\u00cdTICA ESPA\u00d1OLA En su papel de obispo, y siguiendo las indicaciones del Vaticano II, Gonz\u00e1lez Mart\u00edn se caracteriz\u00f3 por una gran independencia pol\u00edtica, aunque no siempre apreciada, finalmente reconocida. Tras ser nombrado Arzobispo de Toledo, y seg\u00fan disposici\u00f3n legal, tomo posesi\u00f3n de su cargo de Consejero de Estado en Madrid, el 23&hellip;","_links":{"self":[{"href":"https:\/\/www.cardenaldonmarcelo.es\/index.php\/wp-json\/wp\/v2\/pages\/58","targetHints":{"allow":["GET"]}}],"collection":[{"href":"https:\/\/www.cardenaldonmarcelo.es\/index.php\/wp-json\/wp\/v2\/pages"}],"about":[{"href":"https:\/\/www.cardenaldonmarcelo.es\/index.php\/wp-json\/wp\/v2\/types\/page"}],"author":[{"embeddable":true,"href":"https:\/\/www.cardenaldonmarcelo.es\/index.php\/wp-json\/wp\/v2\/users\/1"}],"replies":[{"embeddable":true,"href":"https:\/\/www.cardenaldonmarcelo.es\/index.php\/wp-json\/wp\/v2\/comments?post=58"}],"version-history":[{"count":4,"href":"https:\/\/www.cardenaldonmarcelo.es\/index.php\/wp-json\/wp\/v2\/pages\/58\/revisions"}],"predecessor-version":[{"id":345,"href":"https:\/\/www.cardenaldonmarcelo.es\/index.php\/wp-json\/wp\/v2\/pages\/58\/revisions\/345"}],"wp:attachment":[{"href":"https:\/\/www.cardenaldonmarcelo.es\/index.php\/wp-json\/wp\/v2\/media?parent=58"}],"curies":[{"name":"wp","href":"https:\/\/api.w.org\/{rel}","templated":true}]}}