{"id":48,"date":"2024-09-10T22:25:43","date_gmt":"2024-09-10T20:25:43","guid":{"rendered":"https:\/\/www.cardenaldonmarcelo.es\/?page_id=48"},"modified":"2024-10-25T19:37:09","modified_gmt":"2024-10-25T17:37:09","slug":"obispo-de-astorga","status":"publish","type":"page","link":"https:\/\/www.cardenaldonmarcelo.es\/index.php\/obispo-de-astorga\/","title":{"rendered":"Obispo de Astorga"},"content":{"rendered":"<div class=\"wp-block-image\">\n<figure class=\"aligncenter size-full\"><img fetchpriority=\"high\" decoding=\"async\" width=\"600\" height=\"391\" src=\"https:\/\/www.cardenaldonmarcelo.es\/wp-content\/uploads\/2024\/09\/008-1.jpg\" alt=\"\" class=\"wp-image-338\" srcset=\"https:\/\/www.cardenaldonmarcelo.es\/wp-content\/uploads\/2024\/09\/008-1.jpg 600w, https:\/\/www.cardenaldonmarcelo.es\/wp-content\/uploads\/2024\/09\/008-1-300x196.jpg 300w\" sizes=\"(max-width: 600px) 100vw, 600px\" \/><\/figure>\n<\/div>\n\n\n<p>El 31 de diciembre de 1960 fue nombrado <strong>obispo de Astorga<\/strong>, siendo consagrado el 5 de marzo de 1961 y permaneci\u00f3 en esta sede durante seis a\u00f1os. Fue un obispo muy activo y estuvo especialmente interesado en actividades que estrecharan la cooperaci\u00f3n de sacerdotes y laicos, raz\u00f3n por la que estableci\u00f3 programas de reuniones de trabajo y de oraci\u00f3n. Mejor\u00f3 el seminario en dotaci\u00f3n econ\u00f3mica y estableci\u00f3 una intensa reforma de los programas de estudio, promoviendo el desarrollo espiritual y acad\u00e9mico de los futuros sacerdotes. Fund\u00f3 la emisora cat\u00f3lica Radio Popular de Astorga y el Instituto Diocesano de Formaci\u00f3n y Acci\u00f3n Pastoral, con el que se dio un gran impulso tanto a la construcci\u00f3n de nuevas iglesias, de hogares para familias de trabajadores y de una nueva sede para el Seminario menor. <strong>Como obispo de Astorga particip\u00f3 en las sesiones del Concilio Vaticano II.<\/strong><\/p>\n\n\n\n<p><\/p>\n","protected":false},"excerpt":{"rendered":"<p>El 31 de diciembre de 1960 fue nombrado obispo de Astorga, siendo consagrado el 5 de marzo de 1961 y permaneci\u00f3 en esta sede durante seis a\u00f1os. Fue un obispo muy activo y estuvo especialmente interesado en actividades que estrecharan la cooperaci\u00f3n de sacerdotes y laicos, raz\u00f3n por la que estableci\u00f3 programas de reuniones de [&hellip;]<\/p>\n","protected":false},"author":1,"featured_media":0,"parent":0,"menu_order":0,"comment_status":"closed","ping_status":"closed","template":"single-product","meta":{"saved_in_kubio":false,"_eb_attr":"","ngg_post_thumbnail":0,"footnotes":""},"class_list":["post-48","page","type-page","status-publish","hentry"],"kubio_ai_page_context":{"short_desc":"","purpose":"general"},"rttpg_featured_image_url":null,"rttpg_author":{"display_name":"P. Webmaster","author_link":"https:\/\/www.cardenaldonmarcelo.es\/index.php\/author\/currante\/"},"rttpg_comment":0,"rttpg_category":null,"rttpg_excerpt":"El 31 de diciembre de 1960 fue nombrado obispo de Astorga, siendo consagrado el 5 de marzo de 1961 y permaneci\u00f3 en esta sede durante seis a\u00f1os. Fue un obispo muy activo y estuvo especialmente interesado en actividades que estrecharan la cooperaci\u00f3n de sacerdotes y laicos, raz\u00f3n por la que estableci\u00f3 programas de reuniones de&hellip;","_links":{"self":[{"href":"https:\/\/www.cardenaldonmarcelo.es\/index.php\/wp-json\/wp\/v2\/pages\/48","targetHints":{"allow":["GET"]}}],"collection":[{"href":"https:\/\/www.cardenaldonmarcelo.es\/index.php\/wp-json\/wp\/v2\/pages"}],"about":[{"href":"https:\/\/www.cardenaldonmarcelo.es\/index.php\/wp-json\/wp\/v2\/types\/page"}],"author":[{"embeddable":true,"href":"https:\/\/www.cardenaldonmarcelo.es\/index.php\/wp-json\/wp\/v2\/users\/1"}],"replies":[{"embeddable":true,"href":"https:\/\/www.cardenaldonmarcelo.es\/index.php\/wp-json\/wp\/v2\/comments?post=48"}],"version-history":[{"count":2,"href":"https:\/\/www.cardenaldonmarcelo.es\/index.php\/wp-json\/wp\/v2\/pages\/48\/revisions"}],"predecessor-version":[{"id":339,"href":"https:\/\/www.cardenaldonmarcelo.es\/index.php\/wp-json\/wp\/v2\/pages\/48\/revisions\/339"}],"wp:attachment":[{"href":"https:\/\/www.cardenaldonmarcelo.es\/index.php\/wp-json\/wp\/v2\/media?parent=48"}],"curies":[{"name":"wp","href":"https:\/\/api.w.org\/{rel}","templated":true}]}}