{"id":2761,"date":"2024-10-24T23:25:49","date_gmt":"2024-10-24T21:25:49","guid":{"rendered":"https:\/\/www.cardenaldonmarcelo.es\/?page_id=2761"},"modified":"2024-10-25T00:24:16","modified_gmt":"2024-10-24T22:24:16","slug":"escritos-sobre-don-marcelo","status":"publish","type":"page","link":"https:\/\/www.cardenaldonmarcelo.es\/index.php\/escritos-sobre-don-marcelo\/","title":{"rendered":"Escritos sobre don Marcelo"},"content":{"rendered":"\t\t<div data-elementor-type=\"wp-page\" data-elementor-id=\"2761\" class=\"elementor elementor-2761\">\n\t\t\t\t<div class=\"elementor-element elementor-element-2bdc975e e-flex e-con-boxed e-con e-parent\" data-id=\"2bdc975e\" data-element_type=\"container\" data-e-type=\"container\">\n\t\t\t\t\t<div class=\"e-con-inner\">\n\t\t<div class=\"elementor-element elementor-element-9d3b171 e-con-full e-flex e-con e-child\" data-id=\"9d3b171\" data-element_type=\"container\" data-e-type=\"container\">\n\t\t<div class=\"elementor-element elementor-element-42625ea e-grid e-con-full e-con e-child\" data-id=\"42625ea\" data-element_type=\"container\" data-e-type=\"container\">\n\t\t\t\t<div class=\"elementor-element elementor-element-de7f81d elementor-widget elementor-widget-heading\" data-id=\"de7f81d\" data-element_type=\"widget\" data-e-type=\"widget\" data-widget_type=\"heading.default\">\n\t\t\t\t<div class=\"elementor-widget-container\">\n\t\t\t\t\t<h2 class=\"elementor-heading-title elementor-size-default\"><a href=\"https:\/\/despachosantaelena.freemyip.com\/donmarcelo\/index.php\/category\/en-sus-bodas-de-oro\/\">En su 50 aniversario de sacerdocio<\/a><\/h2>\t\t\t\t<\/div>\n\t\t\t\t<\/div>\n\t\t\t\t<div class=\"elementor-element elementor-element-94b37f6 elementor-widget elementor-widget-heading\" data-id=\"94b37f6\" data-element_type=\"widget\" data-e-type=\"widget\" data-widget_type=\"heading.default\">\n\t\t\t\t<div class=\"elementor-widget-container\">\n\t\t\t\t\t<h2 class=\"elementor-heading-title elementor-size-default\"><a href=\"https:\/\/despachosantaelena.freemyip.com\/donmarcelo\/index.php\/category\/in-memoriam\/\">In memoriam\ncon ocasi\u00f3n de su fallecimiento<\/a><\/h2>\t\t\t\t<\/div>\n\t\t\t\t<\/div>\n\t\t\t\t<div class=\"elementor-element elementor-element-60d2b69 elementor-widget elementor-widget-heading\" data-id=\"60d2b69\" data-element_type=\"widget\" data-e-type=\"widget\" data-widget_type=\"heading.default\">\n\t\t\t\t<div class=\"elementor-widget-container\">\n\t\t\t\t\t<h2 class=\"elementor-heading-title elementor-size-default\"><a href=\"https:\/\/despachosantaelena.freemyip.com\/donmarcelo\/index.php\/category\/escritos-sobre-don-marcelo\/\">Art\u00edculos en diversas ocasiones<\/a><\/h2>\t\t\t\t<\/div>\n\t\t\t\t<\/div>\n\t\t\t\t<div class=\"elementor-element elementor-element-af9fcd6 elementor-widget elementor-widget-heading\" data-id=\"af9fcd6\" data-element_type=\"widget\" data-e-type=\"widget\" data-widget_type=\"heading.default\">\n\t\t\t\t<div class=\"elementor-widget-container\">\n\t\t\t\t\t<h2 class=\"elementor-heading-title elementor-size-default\"><a href=\"https:\/\/despachosantaelena.freemyip.com\/donmarcelo\/index.php\/category\/articulos-y-revistas\/\">Art\u00edculos y revistas en pdf<\/a><\/h2>\t\t\t\t<\/div>\n\t\t\t\t<\/div>\n\t\t\t\t<\/div>\n\t\t\t\t<\/div>\n\t\t\t\t<div class=\"elementor-element elementor-element-5420d1e3 elementor-widget elementor-widget-text-editor\" data-id=\"5420d1e3\" data-element_type=\"widget\" data-e-type=\"widget\" data-widget_type=\"text-editor.default\">\n\t\t\t\t<div class=\"elementor-widget-container\">\n\t\t\t\t\t\t\t\t\t\n<div class=\"wp-block-columns has-large-font-size is-layout-flex wp-container-core-columns-is-layout-9d6595d7 wp-block-columns-is-layout-flex\">\n<div class=\"wp-block-column is-layout-flow wp-block-column-is-layout-flow\">\n<h2 class=\"wp-block-heading has-text-align-center\"><a href=\"https:\/\/despachosantaelena.freemyip.com\/donmarcelo\/index.php\/category\/en-sus-bodas-de-oro\/\">En su 50 aniversario de sacerdocio<\/a><\/h2>\n<\/div>\n\n\n\n<div class=\"wp-block-column is-layout-flow wp-block-column-is-layout-flow\">\n<h2 class=\"wp-block-heading has-text-align-center\"><a href=\"https:\/\/despachosantaelena.freemyip.com\/donmarcelo\/index.php\/category\/in-memoriam\/\">In memoriam<br>Con ocasi\u00f3n de su fallecimiento<\/a><\/h2>\n<\/div>\n<\/div>\n\n\n\n<div class=\"wp-block-columns is-layout-flex wp-container-core-columns-is-layout-9d6595d7 wp-block-columns-is-layout-flex\">\n<div class=\"wp-block-column is-layout-flow wp-block-column-is-layout-flow\">\n<h2 class=\"wp-block-heading has-text-align-center\"><a href=\"https:\/\/despachosantaelena.freemyip.com\/donmarcelo\/index.php\/category\/escritos-sobre-don-marcelo\/\">Art\u00edculos sobre \u00e9l en diversas ocasiones<\/a><\/h2>\n<\/div>\n\n\n\n<div class=\"wp-block-column is-layout-flow wp-block-column-is-layout-flow\">\n<h2 class=\"wp-block-heading has-text-align-center\"><a href=\"https:\/\/despachosantaelena.freemyip.com\/donmarcelo\/index.php\/category\/articulos-y-revistas\/\">Art\u00edculos y revistas en pdf<\/a><\/h2>\n<\/div>\n<\/div>\n\n\n\n<p><\/p>\n\t\t\t\t\t\t\t\t<\/div>\n\t\t\t\t<\/div>\n\t\t\t\t\t<\/div>\n\t\t\t\t<\/div>\n\t\t\t\t<\/div>\n\t\t","protected":false},"excerpt":{"rendered":"<p>En su 50 aniversario de sacerdocio In memoriam con ocasi\u00f3n de su fallecimiento Art\u00edculos en diversas ocasiones Art\u00edculos y revistas en pdf En su 50 aniversario de sacerdocio In memoriamCon ocasi\u00f3n de su fallecimiento Art\u00edculos sobre \u00e9l en diversas ocasiones Art\u00edculos y revistas en pdf<\/p>\n","protected":false},"author":1,"featured_media":0,"parent":0,"menu_order":0,"comment_status":"closed","ping_status":"closed","template":"","meta":{"saved_in_kubio":false,"_eb_attr":"","ngg_post_thumbnail":0,"footnotes":""},"class_list":["post-2761","page","type-page","status-publish","hentry"],"kubio_ai_page_context":{"short_desc":"","purpose":"general"},"rttpg_featured_image_url":null,"rttpg_author":{"display_name":"P. Webmaster","author_link":"https:\/\/www.cardenaldonmarcelo.es\/index.php\/author\/currante\/"},"rttpg_comment":0,"rttpg_category":null,"rttpg_excerpt":"En su 50 aniversario de sacerdocio In memoriam con ocasi\u00f3n de su fallecimiento Art\u00edculos en diversas ocasiones Art\u00edculos y revistas en pdf En su 50 aniversario de sacerdocio In memoriamCon ocasi\u00f3n de su fallecimiento Art\u00edculos sobre \u00e9l en diversas ocasiones Art\u00edculos y revistas en pdf","_links":{"self":[{"href":"https:\/\/www.cardenaldonmarcelo.es\/index.php\/wp-json\/wp\/v2\/pages\/2761","targetHints":{"allow":["GET"]}}],"collection":[{"href":"https:\/\/www.cardenaldonmarcelo.es\/index.php\/wp-json\/wp\/v2\/pages"}],"about":[{"href":"https:\/\/www.cardenaldonmarcelo.es\/index.php\/wp-json\/wp\/v2\/types\/page"}],"author":[{"embeddable":true,"href":"https:\/\/www.cardenaldonmarcelo.es\/index.php\/wp-json\/wp\/v2\/users\/1"}],"replies":[{"embeddable":true,"href":"https:\/\/www.cardenaldonmarcelo.es\/index.php\/wp-json\/wp\/v2\/comments?post=2761"}],"version-history":[{"count":18,"href":"https:\/\/www.cardenaldonmarcelo.es\/index.php\/wp-json\/wp\/v2\/pages\/2761\/revisions"}],"predecessor-version":[{"id":2782,"href":"https:\/\/www.cardenaldonmarcelo.es\/index.php\/wp-json\/wp\/v2\/pages\/2761\/revisions\/2782"}],"wp:attachment":[{"href":"https:\/\/www.cardenaldonmarcelo.es\/index.php\/wp-json\/wp\/v2\/media?parent=2761"}],"curies":[{"name":"wp","href":"https:\/\/api.w.org\/{rel}","templated":true}]}}