{"id":1886,"date":"2024-10-03T11:19:50","date_gmt":"2024-10-03T09:19:50","guid":{"rendered":"https:\/\/www.cardenaldonmarcelo.es\/?page_id=1886"},"modified":"2024-10-05T21:07:31","modified_gmt":"2024-10-05T19:07:31","slug":"test","status":"publish","type":"page","link":"https:\/\/www.cardenaldonmarcelo.es\/index.php\/test\/","title":{"rendered":"Home page"},"content":{"rendered":"\t\t<div data-elementor-type=\"wp-page\" data-elementor-id=\"1886\" class=\"elementor elementor-1886\">\n\t\t\t\t<div class=\"elementor-element elementor-element-456451a e-con-full e-flex e-con e-parent\" data-id=\"456451a\" data-element_type=\"container\" data-e-type=\"container\" data-settings=\"{&quot;background_background&quot;:&quot;classic&quot;}\">\n\t\t<div class=\"elementor-element elementor-element-fb55bc5 e-con-full e-flex e-con e-child\" data-id=\"fb55bc5\" data-element_type=\"container\" data-e-type=\"container\">\n\t\t<div class=\"elementor-element elementor-element-6c3d16c e-con-full e-flex e-con e-child\" data-id=\"6c3d16c\" data-element_type=\"container\" data-e-type=\"container\">\n\t\t\t\t<div class=\"elementor-element elementor-element-87d11fa elementor-widget__width-initial elementor-widget-mobile__width-initial elementor-widget elementor-widget-image\" data-id=\"87d11fa\" data-element_type=\"widget\" data-e-type=\"widget\" data-widget_type=\"image.default\">\n\t\t\t\t<div class=\"elementor-widget-container\">\n\t\t\t\t\t\t\t\t\t\t\t\t\t\t\t<img decoding=\"async\" src=\"https:\/\/www.cardenaldonmarcelo.es\/wp-content\/uploads\/2024\/09\/escudo.2-80x80.png\" title=\"escudo.2\" alt=\"escudo.2\" loading=\"lazy\" \/>\t\t\t\t\t\t\t\t\t\t\t\t\t\t\t<\/div>\n\t\t\t\t<\/div>\n\t\t\t\t<\/div>\n\t\t<div class=\"elementor-element elementor-element-4d3ddb6 e-con-full e-flex e-con e-child\" data-id=\"4d3ddb6\" data-element_type=\"container\" data-e-type=\"container\">\n\t\t\t\t<div class=\"elementor-element elementor-element-7de9310 elementor-widget elementor-widget-shortcode\" data-id=\"7de9310\" data-element_type=\"widget\" data-e-type=\"widget\" data-widget_type=\"shortcode.default\">\n\t\t\t\t<div class=\"elementor-widget-container\">\n\t\t\t\t\t\t\t<div class=\"elementor-shortcode\"><div id=\"mega-menu-wrap-max_mega_menu_2\" class=\"mega-menu-wrap\"><div class=\"mega-menu-toggle\"><div class=\"mega-toggle-blocks-left\"><\/div><div class=\"mega-toggle-blocks-center\"><\/div><div class=\"mega-toggle-blocks-right\"><div class='mega-toggle-block mega-menu-toggle-animated-block mega-toggle-block-0' id='mega-toggle-block-0'><button aria-label=\"Toggle Menu\" class=\"mega-toggle-animated mega-toggle-animated-slider\" type=\"button\" aria-haspopup=\"true\" aria-expanded=\"false\" aria-controls=\"mega-menu-max_mega_menu_2\">\n                  <span class=\"mega-toggle-animated-box\">\n                    <span class=\"mega-toggle-animated-inner\"><\/span>\n                  <\/span>\n                <\/button><\/div><\/div><\/div><ul id=\"mega-menu-max_mega_menu_2\" class=\"mega-menu max-mega-menu mega-menu-horizontal mega-no-js\" data-event=\"hover_intent\" data-effect=\"fade_up\" data-effect-speed=\"200\" data-effect-mobile=\"disabled\" data-effect-speed-mobile=\"0\" data-mobile-force-width=\"false\" data-second-click=\"go\" data-document-click=\"collapse\" data-vertical-behaviour=\"standard\" data-breakpoint=\"768\" data-unbind=\"true\" data-mobile-state=\"collapse_all\" data-mobile-direction=\"vertical\" data-hover-intent-timeout=\"300\" data-hover-intent-interval=\"100\"><li class=\"mega-menu-item mega-menu-item-type-post_type mega-menu-item-object-page mega-menu-item-home mega-align-bottom-left mega-menu-flyout mega-menu-item-2267\" id=\"mega-menu-item-2267\"><a class=\"mega-menu-link\" href=\"https:\/\/www.cardenaldonmarcelo.es\/\">Home<\/a><\/li><li class=\"mega-menu-item mega-menu-item-type-custom mega-menu-item-object-custom mega-menu-item-has-children mega-align-bottom-left mega-menu-flyout mega-menu-item-65\" id=\"mega-menu-item-65\"><a class=\"mega-menu-link\" href=\"#\" aria-expanded=\"false\" aria-controls=\"mega-sub-menu-65\">Biograf\u00eda<span class=\"mega-indicator\" aria-hidden=\"true\"><\/span><\/a>\n<ul class=\"mega-sub-menu\" id='mega-sub-menu-65'>\n<li class=\"mega-menu-item mega-menu-item-type-post_type mega-menu-item-object-page mega-menu-item-64\" id=\"mega-menu-item-64\"><a class=\"mega-menu-link\" href=\"https:\/\/www.cardenaldonmarcelo.es\/index.php\/valladolid\/\">Valladolid<\/a><\/li><li class=\"mega-menu-item mega-menu-item-type-post_type mega-menu-item-object-page mega-menu-item-63\" id=\"mega-menu-item-63\"><a class=\"mega-menu-link\" href=\"https:\/\/www.cardenaldonmarcelo.es\/index.php\/obispo-de-astorga\/\">Obispo de Astorga<\/a><\/li><li class=\"mega-menu-item mega-menu-item-type-post_type mega-menu-item-object-page mega-menu-item-62\" id=\"mega-menu-item-62\"><a class=\"mega-menu-link\" href=\"https:\/\/www.cardenaldonmarcelo.es\/index.php\/arzobispo-de-barcelona\/\">Arzobispo de Barcelona<\/a><\/li><li class=\"mega-menu-item mega-menu-item-type-post_type mega-menu-item-object-page mega-menu-item-61\" id=\"mega-menu-item-61\"><a class=\"mega-menu-link\" href=\"https:\/\/www.cardenaldonmarcelo.es\/index.php\/arzobispo-de-toledo-y-primado-de-espana\/\">Arzobispo de Toledo y primado de Espa\u00f1a<\/a><\/li><li class=\"mega-menu-item mega-menu-item-type-post_type mega-menu-item-object-page mega-menu-item-60\" id=\"mega-menu-item-60\"><a class=\"mega-menu-link\" href=\"https:\/\/www.cardenaldonmarcelo.es\/index.php\/addenda\/\">Addenda<\/a><\/li><\/ul>\n<\/li><li class=\"mega-menu-item mega-menu-item-type-post_type mega-menu-item-object-page mega-menu-item-has-children mega-align-bottom-left mega-menu-flyout mega-menu-item-627\" id=\"mega-menu-item-627\"><a class=\"mega-menu-link\" href=\"https:\/\/www.cardenaldonmarcelo.es\/index.php\/categorias\/\" aria-expanded=\"false\" aria-controls=\"mega-sub-menu-627\">Escritos d. Marcelo<span class=\"mega-indicator\" aria-hidden=\"true\"><\/span><\/a>\n<ul class=\"mega-sub-menu\" id='mega-sub-menu-627'>\n<li class=\"mega-menu-item mega-menu-item-type-post_type mega-menu-item-object-page mega-menu-item-2798\" id=\"mega-menu-item-2798\"><a class=\"mega-menu-link\" href=\"https:\/\/www.cardenaldonmarcelo.es\/index.php\/escritos-sobre-don-marcelo\/\">Escritos sobre don Marcelo<\/a><\/li><li class=\"mega-menu-item mega-menu-item-type-post_type mega-menu-item-object-page mega-menu-item-2890\" id=\"mega-menu-item-2890\"><a class=\"mega-menu-link\" href=\"https:\/\/www.cardenaldonmarcelo.es\/index.php\/escritos-d-marcelo-pdf\/\">P\u00e1gina de descargas<\/a><\/li><\/ul>\n<\/li><li class=\"mega-menu-item mega-menu-item-type-custom mega-menu-item-object-custom mega-menu-item-has-children mega-align-bottom-left mega-menu-flyout mega-menu-item-77\" id=\"mega-menu-item-77\"><a class=\"mega-menu-link\" href=\"#\" aria-expanded=\"false\" aria-controls=\"mega-sub-menu-77\">Fotos hist\u00f3ricas<span class=\"mega-indicator\" aria-hidden=\"true\"><\/span><\/a>\n<ul class=\"mega-sub-menu\" id='mega-sub-menu-77'>\n<li class=\"mega-menu-item mega-menu-item-type-custom mega-menu-item-object-custom mega-menu-item-326\" id=\"mega-menu-item-326\"><a class=\"mega-menu-link\" href=\"https:\/\/www.cardenaldonmarcelo.es\/index.php\/galeria-fotografica\/#Astorga\">Astorga - primeros a\u00f1os<\/a><\/li><li class=\"mega-menu-item mega-menu-item-type-custom mega-menu-item-object-custom mega-menu-item-314\" id=\"mega-menu-item-314\"><a class=\"mega-menu-link\" href=\"https:\/\/www.cardenaldonmarcelo.es\/index.php\/galeria-fotografica\/#Barcelona\">Barcelona<\/a><\/li><li class=\"mega-menu-item mega-menu-item-type-custom mega-menu-item-object-custom mega-menu-item-244\" id=\"mega-menu-item-244\"><a class=\"mega-menu-link\" href=\"https:\/\/www.cardenaldonmarcelo.es\/index.php\/galeria-fotografica\/#Toledo\">Toledo<\/a><\/li><li class=\"mega-menu-item mega-menu-item-type-custom mega-menu-item-object-custom mega-menu-item-327\" id=\"mega-menu-item-327\"><a class=\"mega-menu-link\" href=\"https:\/\/www.cardenaldonmarcelo.es\/index.php\/galeria-fotografica\/#Cardenal\">Cardenal<\/a><\/li><li class=\"mega-menu-item mega-menu-item-type-custom mega-menu-item-object-custom mega-menu-item-332\" id=\"mega-menu-item-332\"><a class=\"mega-menu-link\" href=\"https:\/\/www.cardenaldonmarcelo.es\/index.php\/galeria-fotografica\/#Con_JPII\">Con S. Juan Pablo II<\/a><\/li><li class=\"mega-menu-item mega-menu-item-type-custom mega-menu-item-object-custom mega-menu-item-333\" id=\"mega-menu-item-333\"><a class=\"mega-menu-link\" href=\"https:\/\/www.cardenaldonmarcelo.es\/index.php\/galeria-fotografica\/#Emerito\">Em\u00e9rito<\/a><\/li><li class=\"mega-menu-item mega-menu-item-type-custom mega-menu-item-object-custom mega-menu-item-334\" id=\"mega-menu-item-334\"><a class=\"mega-menu-link\" href=\"https:\/\/www.cardenaldonmarcelo.es\/index.php\/galeria-fotografica\/#Funeral\">Funeral<\/a><\/li><\/ul>\n<\/li><li class=\"mega-menu-item mega-menu-item-type-post_type mega-menu-item-object-page mega-align-bottom-left mega-menu-flyout mega-menu-item-2441\" id=\"mega-menu-item-2441\"><a class=\"mega-menu-link\" href=\"https:\/\/www.cardenaldonmarcelo.es\/index.php\/videos\/\">V\u00eddeos<\/a><\/li><li class=\"mega-menu-item mega-menu-item-type-post_type mega-menu-item-object-page mega-align-bottom-left mega-menu-flyout mega-menu-item-3152\" id=\"mega-menu-item-3152\"><a class=\"mega-menu-link\" href=\"https:\/\/www.cardenaldonmarcelo.es\/index.php\/audios-2\/\">Audios<\/a><\/li><\/ul><\/div><\/div>\n\t\t\t\t\t\t<\/div>\n\t\t\t\t<\/div>\n\t\t\t\t<\/div>\n\t\t\t\t<\/div>\n\t\t\t\t<div class=\"elementor-element elementor-element-789f2af elementor-widget elementor-widget-spacer\" data-id=\"789f2af\" data-element_type=\"widget\" data-e-type=\"widget\" data-widget_type=\"spacer.default\">\n\t\t\t\t<div class=\"elementor-widget-container\">\n\t\t\t\t\t\t\t<div class=\"elementor-spacer\">\n\t\t\t<div class=\"elementor-spacer-inner\"><\/div>\n\t\t<\/div>\n\t\t\t\t\t\t<\/div>\n\t\t\t\t<\/div>\n\t\t\t\t<div class=\"elementor-element elementor-element-d087213 elementor-widget elementor-widget-heading\" data-id=\"d087213\" data-element_type=\"widget\" data-e-type=\"widget\" data-widget_type=\"heading.default\">\n\t\t\t\t<div class=\"elementor-widget-container\">\n\t\t\t\t\t<h1 class=\"elementor-heading-title elementor-size-default\">Marcelo, Cardenal Gonz\u00e1lez Mart\u00edn<\/h1>\t\t\t\t<\/div>\n\t\t\t\t<\/div>\n\t\t\t\t<div class=\"elementor-element elementor-element-f8f22cf elementor-widget elementor-widget-heading\" data-id=\"f8f22cf\" data-element_type=\"widget\" data-e-type=\"widget\" data-widget_type=\"heading.default\">\n\t\t\t\t<div class=\"elementor-widget-container\">\n\t\t\t\t\t<h2 class=\"elementor-heading-title elementor-size-default\">Pauperes evangelizantur<\/h2>\t\t\t\t<\/div>\n\t\t\t\t<\/div>\n\t\t\t\t<\/div>\n\t\t<div class=\"elementor-element elementor-element-799839b e-flex e-con-boxed e-con e-parent\" data-id=\"799839b\" data-element_type=\"container\" data-e-type=\"container\" data-settings=\"{&quot;background_background&quot;:&quot;classic&quot;}\">\n\t\t\t\t\t<div class=\"e-con-inner\">\n\t\t\t\t<div class=\"elementor-element elementor-element-8382dab elementor-widget elementor-widget-heading\" data-id=\"8382dab\" data-element_type=\"widget\" data-e-type=\"widget\" data-widget_type=\"heading.default\">\n\t\t\t\t<div class=\"elementor-widget-container\">\n\t\t\t\t\t<h2 class=\"elementor-heading-title elementor-size-default\">Unas palabras suyas ....<\/h2>\t\t\t\t<\/div>\n\t\t\t\t<\/div>\n\t\t\t\t<div class=\"elementor-element elementor-element-b5ded39 elementor-widget elementor-widget-text-editor\" data-id=\"b5ded39\" data-element_type=\"widget\" data-e-type=\"widget\" data-widget_type=\"text-editor.default\">\n\t\t\t\t<div class=\"elementor-widget-container\">\n\t\t\t\t\t\t\t\t\t<p>Aunque le nieguen muchos, \u00c9l nunca dejar\u00e1 de ser Rey. Y ser\u00e1 Rey pac\u00edfico, humilde, abnegado, servidor de todos, generoso, sacrificado, lleno de amor. Le acompa\u00f1ar\u00e1 siempre, como se\u00f1al y cetro, la cruz, pero ser\u00e1 una cruz victoriosa. Y quiz\u00e1 lo m\u00e1s singular de ese Reino es que no lo instituye \u00c9l solo, sino \u00c9l con nosotros, porque nos llama y nos pide que vayamos con \u00c9l por caminos de justicia, de verdad, de paz y de amor. No debe haber enfrentamientos b\u00e9licos, coacciones, dominios opresores. No. As\u00ed no se construye el Reino que \u00c9l desea. Si se hace as\u00ed, tarde o temprano viene el fracaso. Lo que tenemos que hacer es centrar seria y rigurosamente nuestra vida en \u00c9l, en Cristo, que siempre triunfa porque es un Rey Hijo de Dios. No basta que creamos en \u00c9l. Hemos de aspirar a lograr un mayor conocimiento y una m\u00e1s fervorosa imitaci\u00f3n.<\/p>\n<p class=\"has-text-align-center has-small-font-size\">Comentario al evangelio de la festividad de Cristo Rey, art\u00edculo en ABC, 23 Nov 1993<\/p>\t\t\t\t\t\t\t\t<\/div>\n\t\t\t\t<\/div>\n\t\t\t\t\t<\/div>\n\t\t\t\t<\/div>\n\t\t<div class=\"elementor-element elementor-element-995f89d e-flex e-con-boxed e-con e-parent\" data-id=\"995f89d\" data-element_type=\"container\" data-e-type=\"container\" data-settings=\"{&quot;background_background&quot;:&quot;classic&quot;}\">\n\t\t\t\t\t<div class=\"e-con-inner\">\n\t\t<div class=\"elementor-element elementor-element-27368a0 e-con-full e-flex e-con e-child\" data-id=\"27368a0\" data-element_type=\"container\" data-e-type=\"container\">\n\t\t\t\t<div class=\"elementor-element elementor-element-9e87ab7 elementor-widget elementor-widget-heading\" data-id=\"9e87ab7\" data-element_type=\"widget\" data-e-type=\"widget\" data-widget_type=\"heading.default\">\n\t\t\t\t<div class=\"elementor-widget-container\">\n\t\t\t\t\t<h2 class=\"elementor-heading-title elementor-size-default\">Pie de p\u00e1gina 1<\/h2>\t\t\t\t<\/div>\n\t\t\t\t<\/div>\n\t\t\t\t<\/div>\n\t\t<div class=\"elementor-element elementor-element-c19dee8 e-con-full e-flex e-con e-child\" data-id=\"c19dee8\" data-element_type=\"container\" data-e-type=\"container\">\n\t\t\t\t<div class=\"elementor-element elementor-element-40ffc5f elementor-widget elementor-widget-text-editor\" data-id=\"40ffc5f\" data-element_type=\"widget\" data-e-type=\"widget\" data-widget_type=\"text-editor.default\">\n\t\t\t\t<div class=\"elementor-widget-container\">\n\t\t\t\t\t\t\t\t\t<p>Pie de p\u00e1gina 2<\/p>\t\t\t\t\t\t\t\t<\/div>\n\t\t\t\t<\/div>\n\t\t\t\t<\/div>\n\t\t\t\t\t<\/div>\n\t\t\t\t<\/div>\n\t\t\t\t<\/div>\n\t\t","protected":false},"excerpt":{"rendered":"<p>Marcelo, Cardenal Gonz\u00e1lez Mart\u00edn Pauperes evangelizantur Unas palabras suyas &#8230;. Aunque le nieguen muchos, \u00c9l nunca dejar\u00e1 de ser Rey. Y ser\u00e1 Rey pac\u00edfico, humilde, abnegado, servidor de todos, generoso, sacrificado, lleno de amor. Le acompa\u00f1ar\u00e1 siempre, como se\u00f1al y cetro, la cruz, pero ser\u00e1 una cruz victoriosa. Y quiz\u00e1 lo m\u00e1s singular de ese [&hellip;]<\/p>\n","protected":false},"author":1,"featured_media":1962,"parent":0,"menu_order":0,"comment_status":"closed","ping_status":"closed","template":"elementor_canvas","meta":{"saved_in_kubio":false,"_eb_attr":"","ngg_post_thumbnail":0,"footnotes":""},"class_list":["post-1886","page","type-page","status-publish","has-post-thumbnail","hentry"],"kubio_ai_page_context":{"short_desc":"","purpose":"general"},"rttpg_featured_image_url":{"full":["https:\/\/www.cardenaldonmarcelo.es\/wp-content\/uploads\/2024\/10\/d.marcelo.JPII_.jpg",1980,1080,false],"landscape":["https:\/\/www.cardenaldonmarcelo.es\/wp-content\/uploads\/2024\/10\/d.marcelo.JPII_.jpg",1980,1080,false],"portraits":["https:\/\/www.cardenaldonmarcelo.es\/wp-content\/uploads\/2024\/10\/d.marcelo.JPII_.jpg",1980,1080,false],"thumbnail":["https:\/\/www.cardenaldonmarcelo.es\/wp-content\/uploads\/2024\/10\/d.marcelo.JPII_-150x150.jpg",150,150,true],"medium":["https:\/\/www.cardenaldonmarcelo.es\/wp-content\/uploads\/2024\/10\/d.marcelo.JPII_-300x164.jpg",300,164,true],"large":["https:\/\/www.cardenaldonmarcelo.es\/wp-content\/uploads\/2024\/10\/d.marcelo.JPII_-1024x559.jpg",1024,559,true],"1536x1536":["https:\/\/www.cardenaldonmarcelo.es\/wp-content\/uploads\/2024\/10\/d.marcelo.JPII_-1536x838.jpg",1536,838,true],"2048x2048":["https:\/\/www.cardenaldonmarcelo.es\/wp-content\/uploads\/2024\/10\/d.marcelo.JPII_.jpg",1980,1080,false],"kubio-fullhd":["https:\/\/www.cardenaldonmarcelo.es\/wp-content\/uploads\/2024\/10\/d.marcelo.JPII_.jpg",1920,1047,false],"jetpack-portfolio-admin-thumb":["https:\/\/www.cardenaldonmarcelo.es\/wp-content\/uploads\/2024\/10\/d.marcelo.JPII_-50x50.jpg",50,50,true]},"rttpg_author":{"display_name":"P. Webmaster","author_link":"https:\/\/www.cardenaldonmarcelo.es\/index.php\/author\/currante\/"},"rttpg_comment":0,"rttpg_category":null,"rttpg_excerpt":"Marcelo, Cardenal Gonz\u00e1lez Mart\u00edn Pauperes evangelizantur Unas palabras suyas &#8230;. Aunque le nieguen muchos, \u00c9l nunca dejar\u00e1 de ser Rey. Y ser\u00e1 Rey pac\u00edfico, humilde, abnegado, servidor de todos, generoso, sacrificado, lleno de amor. Le acompa\u00f1ar\u00e1 siempre, como se\u00f1al y cetro, la cruz, pero ser\u00e1 una cruz victoriosa. Y quiz\u00e1 lo m\u00e1s singular de ese&hellip;","_links":{"self":[{"href":"https:\/\/www.cardenaldonmarcelo.es\/index.php\/wp-json\/wp\/v2\/pages\/1886","targetHints":{"allow":["GET"]}}],"collection":[{"href":"https:\/\/www.cardenaldonmarcelo.es\/index.php\/wp-json\/wp\/v2\/pages"}],"about":[{"href":"https:\/\/www.cardenaldonmarcelo.es\/index.php\/wp-json\/wp\/v2\/types\/page"}],"author":[{"embeddable":true,"href":"https:\/\/www.cardenaldonmarcelo.es\/index.php\/wp-json\/wp\/v2\/users\/1"}],"replies":[{"embeddable":true,"href":"https:\/\/www.cardenaldonmarcelo.es\/index.php\/wp-json\/wp\/v2\/comments?post=1886"}],"version-history":[{"count":103,"href":"https:\/\/www.cardenaldonmarcelo.es\/index.php\/wp-json\/wp\/v2\/pages\/1886\/revisions"}],"predecessor-version":[{"id":2317,"href":"https:\/\/www.cardenaldonmarcelo.es\/index.php\/wp-json\/wp\/v2\/pages\/1886\/revisions\/2317"}],"wp:featuredmedia":[{"embeddable":true,"href":"https:\/\/www.cardenaldonmarcelo.es\/index.php\/wp-json\/wp\/v2\/media\/1962"}],"wp:attachment":[{"href":"https:\/\/www.cardenaldonmarcelo.es\/index.php\/wp-json\/wp\/v2\/media?parent=1886"}],"curies":[{"name":"wp","href":"https:\/\/api.w.org\/{rel}","templated":true}]}}